{"id":2500,"date":"2021-10-13T12:07:33","date_gmt":"2021-10-13T10:07:33","guid":{"rendered":"https:\/\/www.socesfar.es\/editorial-team\/"},"modified":"2025-05-19T11:35:55","modified_gmt":"2025-05-19T09:35:55","slug":"editorial-team","status":"publish","type":"page","link":"https:\/\/www.socesfar.es\/en\/editorial-team\/","title":{"rendered":"Editorial Team"},"content":{"rendered":"\t\t<div data-elementor-type=\"wp-page\" data-elementor-id=\"2500\" class=\"elementor elementor-2500 elementor-1303\" data-elementor-post-type=\"page\">\n\t\t\t\t\t\t<section class=\"ob-is-breaking-bad elementor-section elementor-top-section elementor-element elementor-element-6663692 elementor-section-boxed elementor-section-height-default elementor-section-height-default\" data-id=\"6663692\" data-element_type=\"section\" data-e-type=\"section\" data-settings=\"{&quot;background_background&quot;:&quot;classic&quot;,&quot;_ob_bbad_use_it&quot;:&quot;yes&quot;,&quot;_ob_bbad_sssic_use&quot;:&quot;no&quot;,&quot;_ob_glider_is_slider&quot;:&quot;no&quot;}\">\n\t\t\t\t\t\t<div class=\"elementor-container elementor-column-gap-default\">\n\t\t\t\t\t<div class=\"elementor-column elementor-col-100 elementor-top-column elementor-element elementor-element-d9039b4\" data-id=\"d9039b4\" data-element_type=\"column\" data-e-type=\"column\" data-settings=\"{&quot;background_background&quot;:&quot;classic&quot;,&quot;_ob_bbad_is_stalker&quot;:&quot;no&quot;,&quot;_ob_teleporter_use&quot;:false,&quot;_ob_column_hoveranimator&quot;:&quot;no&quot;,&quot;_ob_column_has_pseudo&quot;:&quot;no&quot;}\">\n\t\t\t<div class=\"elementor-widget-wrap elementor-element-populated\">\n\t\t\t\t\t\t\t<\/div>\n\t\t<\/div>\n\t\t\t\t\t<\/div>\n\t\t<\/section>\n\t\t\t\t<section class=\"ob-is-breaking-bad elementor-section elementor-top-section elementor-element elementor-element-f8aef8e elementor-section-boxed elementor-section-height-default elementor-section-height-default\" data-id=\"f8aef8e\" data-element_type=\"section\" data-e-type=\"section\" data-settings=\"{&quot;background_background&quot;:&quot;classic&quot;,&quot;_ob_bbad_use_it&quot;:&quot;yes&quot;,&quot;_ob_bbad_sssic_use&quot;:&quot;no&quot;,&quot;_ob_glider_is_slider&quot;:&quot;no&quot;}\">\n\t\t\t\t\t\t<div class=\"elementor-container elementor-column-gap-default\">\n\t\t\t\t\t<div class=\"elementor-column elementor-col-100 elementor-top-column elementor-element elementor-element-6a509d8\" data-id=\"6a509d8\" data-element_type=\"column\" data-e-type=\"column\" data-settings=\"{&quot;_ob_bbad_is_stalker&quot;:&quot;no&quot;,&quot;_ob_teleporter_use&quot;:false,&quot;_ob_column_hoveranimator&quot;:&quot;no&quot;,&quot;_ob_column_has_pseudo&quot;:&quot;no&quot;}\">\n\t\t\t<div class=\"elementor-widget-wrap elementor-element-populated\">\n\t\t\t\t\t\t<div class=\"elementor-element elementor-element-08a07fb ob-has-background-overlay elementor-widget elementor-widget-breadcrumbs\" data-id=\"08a07fb\" data-element_type=\"widget\" data-e-type=\"widget\" data-settings=\"{&quot;_ob_perspektive_use&quot;:&quot;no&quot;,&quot;_ob_poopart_use&quot;:&quot;yes&quot;,&quot;_ob_shadough_use&quot;:&quot;no&quot;,&quot;_ob_allow_hoveranimator&quot;:&quot;no&quot;,&quot;_ob_widget_stalker_use&quot;:&quot;no&quot;}\" data-widget_type=\"breadcrumbs.default\">\n\t\t\t\t<div class=\"elementor-widget-container\">\n\t\t\t\t\t<p id=\"breadcrumbs\"><span><span><a href=\"https:\/\/www.socesfar.es\/en\/\">Home<\/a><\/span><\/span><\/p>\t\t\t\t<\/div>\n\t\t\t\t<\/div>\n\t\t\t\t\t<\/div>\n\t\t<\/div>\n\t\t\t\t\t<\/div>\n\t\t<\/section>\n\t\t\t\t<section class=\"ob-is-breaking-bad elementor-section elementor-top-section elementor-element elementor-element-7c31047a elementor-section-boxed elementor-section-height-default elementor-section-height-default\" data-id=\"7c31047a\" data-element_type=\"section\" data-e-type=\"section\" data-settings=\"{&quot;_ob_bbad_use_it&quot;:&quot;yes&quot;,&quot;_ob_bbad_sssic_use&quot;:&quot;no&quot;,&quot;_ob_glider_is_slider&quot;:&quot;no&quot;}\">\n\t\t\t\t\t\t<div class=\"elementor-container elementor-column-gap-default\">\n\t\t\t\t\t<div class=\"elementor-column elementor-col-100 elementor-top-column elementor-element elementor-element-6babd38e\" data-id=\"6babd38e\" data-element_type=\"column\" data-e-type=\"column\" data-settings=\"{&quot;_ob_bbad_is_stalker&quot;:&quot;no&quot;,&quot;_ob_teleporter_use&quot;:false,&quot;_ob_column_hoveranimator&quot;:&quot;no&quot;,&quot;_ob_column_has_pseudo&quot;:&quot;no&quot;}\">\n\t\t\t<div class=\"elementor-widget-wrap elementor-element-populated\">\n\t\t\t\t\t\t<div class=\"elementor-element elementor-element-6a690a8a ob-harakiri-inherit ob-has-background-overlay elementor-widget elementor-widget-text-editor\" data-id=\"6a690a8a\" data-element_type=\"widget\" data-e-type=\"widget\" data-settings=\"{&quot;_ob_use_harakiri&quot;:&quot;yes&quot;,&quot;_ob_harakiri_writing_mode&quot;:&quot;inherit&quot;,&quot;_ob_postman_use&quot;:&quot;no&quot;,&quot;_ob_perspektive_use&quot;:&quot;no&quot;,&quot;_ob_poopart_use&quot;:&quot;yes&quot;,&quot;_ob_shadough_use&quot;:&quot;no&quot;,&quot;_ob_allow_hoveranimator&quot;:&quot;no&quot;,&quot;_ob_widget_stalker_use&quot;:&quot;no&quot;}\" data-widget_type=\"text-editor.default\">\n\t\t\t\t<div class=\"elementor-widget-container\">\n\t\t\t\t\t\t\t\t\t<h4><strong>Revista conjunta de la Fundaci\u00f3n Espa\u00f1ola de Farmacolog\u00eda y la Fundaci\u00f3n Te\u00f3filo Hernando.\r\nConsejo de Direcci\u00f3n\r\n<\/strong><\/h4>\r\n<figure class=\"wp-block-table\">\r\n<table>\r\n<tbody>\r\n<tr>\r\n<td><strong>Director:\r\n<\/strong>Antonio Garc\u00eda Garc\u00eda\r\nUniversidad Aut\u00f3noma de Madrid\r\n<strong><a href=\"mailto:agg@uam.es\">agg@uam.es<\/a><\/strong>\r\n\r\n<strong>Redactor Jefe:\r\n<\/strong>Luis Gand\u00eda Juan\r\nUniversidad Aut\u00f3noma de Madrid\r\n<strong><a href=\"mailto:luis.gandia@uam.es\">luis.gandia@uam.es<\/a><\/strong>\r\n\r\n<strong>Vocales<\/strong>\r\nValent\u00edn Ce\u00f1a Callejo\r\nUniversidad Castilla La Mancha\r\n<strong><a href=\"mailto:valentin.cena@gmail.com\">valentin.cena@gmail.com<\/a><\/strong>\r\n\r\nJos\u00e9 Brea\r\nUniversidad de Santiago de Compostela\r\n<strong><a href=\"mailto:pepo.brea@usc.es\">pepo.brea@usc.es<\/a><\/strong>\r\n\r\nJulio Cortijo Gimeno\r\nUniversidad de Valencia\r\n<strong><a href=\"mailto:julio.cortijo@uv.es\">julio.cortijo@uv.es<\/a><\/strong>\r\n\r\nRosario Jim\u00e9nez Monle\u00f3n\r\nUniversidad de Granada\r\n<strong><a href=\"mailto:rjmonleon@ugr.es\">rjmonleon@ugr.es<\/a><\/strong>\r\n\r\nFrancisco Sala Merch\u00e1n\r\nUniversidad Miguel Hern\u00e1ndez\r\n<strong><a href=\"mailto:fsala@umh.es\">fsala@umh.es<\/a><\/strong>\r\n\r\nJorge Fuentealba Arcos\r\nUniversidad de Concepci\u00f3n, Chile\r\n<strong><a href=\"mailto:jorgefuentealba@udec.cl\">jorgefuentealba@udec.cl<\/a><\/strong>\r\n\r\n<strong>Dise\u00f1o y publicidad\r\n<\/strong>Arturo Garc\u00eda de Diego\r\n<strong><a href=\"mailto:arturo.garcia@ifth.es\">arturo.garcia@ifth.es<\/a><\/strong>\r\n\r\n<strong>Secretar\u00eda\r\n<\/strong>Mar\u00eda Fagoaga Torija\r\n<strong><a href=\"mailto:maria.fagoaga@ifth.es\">maria.fagoaga@ifth.es<\/a><\/strong>\r\n\r\n<strong>Difusi\u00f3n\r\n<\/strong>Estrella Garc\u00eda de Diego\r\n<strong><a href=\"mailto:estrella.garcia@ifth.es\">estrella.garcia@ifth.es<\/a><\/strong><\/td>\r\n<\/tr>\r\n<\/tbody>\r\n<\/table>\r\n<\/figure>\t\t\t\t\t\t\t\t<\/div>\n\t\t\t\t<\/div>\n\t\t\t\t\t<\/div>\n\t\t<\/div>\n\t\t\t\t\t<\/div>\n\t\t<\/section>\n\t\t\t\t<\/div>\n\t\t","protected":false},"excerpt":{"rendered":"<p>Revista conjunta de la Fundaci\u00f3n Espa\u00f1ola de Farmacolog\u00eda y la Fundaci\u00f3n Te\u00f3filo Hernando. Consejo de Direcci\u00f3n Director: Antonio Garc\u00eda Garc\u00eda Universidad Aut\u00f3noma de Madrid agg@uam.es Redactor Jefe: Luis Gand\u00eda Juan Universidad Aut\u00f3noma de Madrid luis.gandia@uam.es Vocales Valent\u00edn Ce\u00f1a Callejo Universidad Castilla La Mancha valentin.cena@gmail.com Jos\u00e9 Brea Universidad de Santiago de Compostela pepo.brea@usc.es Julio Cortijo Gimeno &#8230; <a title=\"Editorial Team\" class=\"read-more\" href=\"https:\/\/www.socesfar.es\/en\/editorial-team\/\" aria-label=\"More on Editorial Team\">Read more<\/a><\/p>\n","protected":false},"author":2,"featured_media":0,"parent":0,"menu_order":0,"comment_status":"closed","ping_status":"closed","template":"","meta":{"footnotes":""},"class_list":["post-2500","page","type-page","status-publish"],"yoast_head":"<!-- This site is optimized with the Yoast SEO plugin v27.4 - https:\/\/yoast.com\/product\/yoast-seo-wordpress\/ -->\n<title>Editorial Team - Sociedad Espa\u00f1ola de Farmacolog\u00eda<\/title>\n<meta name=\"robots\" content=\"index, follow, max-snippet:-1, max-image-preview:large, max-video-preview:-1\" \/>\n<link rel=\"canonical\" href=\"https:\/\/www.socesfar.es\/en\/editorial-team\/\" \/>\n<meta property=\"og:locale\" content=\"en_US\" \/>\n<meta property=\"og:type\" content=\"article\" \/>\n<meta property=\"og:title\" content=\"Editorial Team - Sociedad Espa\u00f1ola de Farmacolog\u00eda\" \/>\n<meta property=\"og:description\" content=\"Revista conjunta de la Fundaci\u00f3n Espa\u00f1ola de Farmacolog\u00eda y la Fundaci\u00f3n Te\u00f3filo Hernando. Consejo de Direcci\u00f3n Director: Antonio Garc\u00eda Garc\u00eda Universidad Aut\u00f3noma de Madrid agg@uam.es Redactor Jefe: Luis Gand\u00eda Juan Universidad Aut\u00f3noma de Madrid luis.gandia@uam.es Vocales Valent\u00edn Ce\u00f1a Callejo Universidad Castilla La Mancha valentin.cena@gmail.com Jos\u00e9 Brea Universidad de Santiago de Compostela pepo.brea@usc.es Julio Cortijo Gimeno ... Read more\" \/>\n<meta property=\"og:url\" content=\"https:\/\/www.socesfar.es\/en\/editorial-team\/\" \/>\n<meta property=\"og:site_name\" content=\"Sociedad Espa\u00f1ola de Farmacolog\u00eda\" \/>\n<meta property=\"article:modified_time\" content=\"2025-05-19T09:35:55+00:00\" \/>\n<meta name=\"twitter:card\" content=\"summary_large_image\" \/>\n<meta name=\"twitter:site\" content=\"@Socesfar\" \/>\n<meta name=\"twitter:label1\" content=\"Est. reading time\" \/>\n\t<meta name=\"twitter:data1\" content=\"1 minute\" \/>\n<script type=\"application\/ld+json\" class=\"yoast-schema-graph\">{\"@context\":\"https:\\\/\\\/schema.org\",\"@graph\":[{\"@type\":\"WebPage\",\"@id\":\"https:\\\/\\\/www.socesfar.es\\\/en\\\/editorial-team\\\/\",\"url\":\"https:\\\/\\\/www.socesfar.es\\\/en\\\/editorial-team\\\/\",\"name\":\"Editorial Team - Sociedad Espa\u00f1ola de Farmacolog\u00eda\",\"isPartOf\":{\"@id\":\"https:\\\/\\\/www.socesfar.es\\\/en\\\/#website\"},\"datePublished\":\"2021-10-13T10:07:33+00:00\",\"dateModified\":\"2025-05-19T09:35:55+00:00\",\"breadcrumb\":{\"@id\":\"https:\\\/\\\/www.socesfar.es\\\/en\\\/editorial-team\\\/#breadcrumb\"},\"inLanguage\":\"en-US\",\"potentialAction\":[{\"@type\":\"ReadAction\",\"target\":[\"https:\\\/\\\/www.socesfar.es\\\/en\\\/editorial-team\\\/\"]}]},{\"@type\":\"BreadcrumbList\",\"@id\":\"https:\\\/\\\/www.socesfar.es\\\/en\\\/editorial-team\\\/#breadcrumb\",\"itemListElement\":[{\"@type\":\"ListItem\",\"position\":1,\"name\":\"Home\",\"item\":\"https:\\\/\\\/www.socesfar.es\\\/en\\\/\"},{\"@type\":\"ListItem\",\"position\":2,\"name\":\"Editorial Team\"}]},{\"@type\":\"WebSite\",\"@id\":\"https:\\\/\\\/www.socesfar.es\\\/en\\\/#website\",\"url\":\"https:\\\/\\\/www.socesfar.es\\\/en\\\/\",\"name\":\"Sociedad Espa\u00f1ola de Farmacolog\u00eda\",\"description\":\"\",\"publisher\":{\"@id\":\"https:\\\/\\\/www.socesfar.es\\\/en\\\/#organization\"},\"potentialAction\":[{\"@type\":\"SearchAction\",\"target\":{\"@type\":\"EntryPoint\",\"urlTemplate\":\"https:\\\/\\\/www.socesfar.es\\\/en\\\/?s={search_term_string}\"},\"query-input\":{\"@type\":\"PropertyValueSpecification\",\"valueRequired\":true,\"valueName\":\"search_term_string\"}}],\"inLanguage\":\"en-US\"},{\"@type\":\"Organization\",\"@id\":\"https:\\\/\\\/www.socesfar.es\\\/en\\\/#organization\",\"name\":\"Sociedad Espa\u00f1ola de Farmacolog\u00eda\",\"url\":\"https:\\\/\\\/www.socesfar.es\\\/en\\\/\",\"logo\":{\"@type\":\"ImageObject\",\"inLanguage\":\"en-US\",\"@id\":\"https:\\\/\\\/www.socesfar.es\\\/en\\\/#\\\/schema\\\/logo\\\/image\\\/\",\"url\":\"https:\\\/\\\/www.socesfar.es\\\/wp-content\\\/uploads\\\/2021\\\/07\\\/logo-socesfar-02.png\",\"contentUrl\":\"https:\\\/\\\/www.socesfar.es\\\/wp-content\\\/uploads\\\/2021\\\/07\\\/logo-socesfar-02.png\",\"width\":383,\"height\":63,\"caption\":\"Sociedad Espa\u00f1ola de Farmacolog\u00eda\"},\"image\":{\"@id\":\"https:\\\/\\\/www.socesfar.es\\\/en\\\/#\\\/schema\\\/logo\\\/image\\\/\"},\"sameAs\":[\"https:\\\/\\\/x.com\\\/Socesfar\",\"https:\\\/\\\/www.linkedin.com\\\/company\\\/socesfar\\\/\"]}]}<\/script>\n<!-- \/ Yoast SEO plugin. -->","yoast_head_json":{"title":"Editorial Team - Sociedad Espa\u00f1ola de Farmacolog\u00eda","robots":{"index":"index","follow":"follow","max-snippet":"max-snippet:-1","max-image-preview":"max-image-preview:large","max-video-preview":"max-video-preview:-1"},"canonical":"https:\/\/www.socesfar.es\/en\/editorial-team\/","og_locale":"en_US","og_type":"article","og_title":"Editorial Team - Sociedad Espa\u00f1ola de Farmacolog\u00eda","og_description":"Revista conjunta de la Fundaci\u00f3n Espa\u00f1ola de Farmacolog\u00eda y la Fundaci\u00f3n Te\u00f3filo Hernando. Consejo de Direcci\u00f3n Director: Antonio Garc\u00eda Garc\u00eda Universidad Aut\u00f3noma de Madrid agg@uam.es Redactor Jefe: Luis Gand\u00eda Juan Universidad Aut\u00f3noma de Madrid luis.gandia@uam.es Vocales Valent\u00edn Ce\u00f1a Callejo Universidad Castilla La Mancha valentin.cena@gmail.com Jos\u00e9 Brea Universidad de Santiago de Compostela pepo.brea@usc.es Julio Cortijo Gimeno ... Read more","og_url":"https:\/\/www.socesfar.es\/en\/editorial-team\/","og_site_name":"Sociedad Espa\u00f1ola de Farmacolog\u00eda","article_modified_time":"2025-05-19T09:35:55+00:00","twitter_card":"summary_large_image","twitter_site":"@Socesfar","twitter_misc":{"Est. reading time":"1 minute"},"schema":{"@context":"https:\/\/schema.org","@graph":[{"@type":"WebPage","@id":"https:\/\/www.socesfar.es\/en\/editorial-team\/","url":"https:\/\/www.socesfar.es\/en\/editorial-team\/","name":"Editorial Team - Sociedad Espa\u00f1ola de Farmacolog\u00eda","isPartOf":{"@id":"https:\/\/www.socesfar.es\/en\/#website"},"datePublished":"2021-10-13T10:07:33+00:00","dateModified":"2025-05-19T09:35:55+00:00","breadcrumb":{"@id":"https:\/\/www.socesfar.es\/en\/editorial-team\/#breadcrumb"},"inLanguage":"en-US","potentialAction":[{"@type":"ReadAction","target":["https:\/\/www.socesfar.es\/en\/editorial-team\/"]}]},{"@type":"BreadcrumbList","@id":"https:\/\/www.socesfar.es\/en\/editorial-team\/#breadcrumb","itemListElement":[{"@type":"ListItem","position":1,"name":"Home","item":"https:\/\/www.socesfar.es\/en\/"},{"@type":"ListItem","position":2,"name":"Editorial Team"}]},{"@type":"WebSite","@id":"https:\/\/www.socesfar.es\/en\/#website","url":"https:\/\/www.socesfar.es\/en\/","name":"Sociedad Espa\u00f1ola de Farmacolog\u00eda","description":"","publisher":{"@id":"https:\/\/www.socesfar.es\/en\/#organization"},"potentialAction":[{"@type":"SearchAction","target":{"@type":"EntryPoint","urlTemplate":"https:\/\/www.socesfar.es\/en\/?s={search_term_string}"},"query-input":{"@type":"PropertyValueSpecification","valueRequired":true,"valueName":"search_term_string"}}],"inLanguage":"en-US"},{"@type":"Organization","@id":"https:\/\/www.socesfar.es\/en\/#organization","name":"Sociedad Espa\u00f1ola de Farmacolog\u00eda","url":"https:\/\/www.socesfar.es\/en\/","logo":{"@type":"ImageObject","inLanguage":"en-US","@id":"https:\/\/www.socesfar.es\/en\/#\/schema\/logo\/image\/","url":"https:\/\/www.socesfar.es\/wp-content\/uploads\/2021\/07\/logo-socesfar-02.png","contentUrl":"https:\/\/www.socesfar.es\/wp-content\/uploads\/2021\/07\/logo-socesfar-02.png","width":383,"height":63,"caption":"Sociedad Espa\u00f1ola de Farmacolog\u00eda"},"image":{"@id":"https:\/\/www.socesfar.es\/en\/#\/schema\/logo\/image\/"},"sameAs":["https:\/\/x.com\/Socesfar","https:\/\/www.linkedin.com\/company\/socesfar\/"]}]}},"_links":{"self":[{"href":"https:\/\/www.socesfar.es\/en\/wp-json\/wp\/v2\/pages\/2500","targetHints":{"allow":["GET"]}}],"collection":[{"href":"https:\/\/www.socesfar.es\/en\/wp-json\/wp\/v2\/pages"}],"about":[{"href":"https:\/\/www.socesfar.es\/en\/wp-json\/wp\/v2\/types\/page"}],"author":[{"embeddable":true,"href":"https:\/\/www.socesfar.es\/en\/wp-json\/wp\/v2\/users\/2"}],"replies":[{"embeddable":true,"href":"https:\/\/www.socesfar.es\/en\/wp-json\/wp\/v2\/comments?post=2500"}],"version-history":[{"count":6,"href":"https:\/\/www.socesfar.es\/en\/wp-json\/wp\/v2\/pages\/2500\/revisions"}],"predecessor-version":[{"id":8445,"href":"https:\/\/www.socesfar.es\/en\/wp-json\/wp\/v2\/pages\/2500\/revisions\/8445"}],"wp:attachment":[{"href":"https:\/\/www.socesfar.es\/en\/wp-json\/wp\/v2\/media?parent=2500"}],"curies":[{"name":"wp","href":"https:\/\/api.w.org\/{rel}","templated":true}]}}