{"id":2510,"date":"2021-10-13T12:19:39","date_gmt":"2021-10-13T10:19:39","guid":{"rendered":"https:\/\/www.socesfar.es\/publication-rules\/"},"modified":"2021-10-18T20:16:41","modified_gmt":"2021-10-18T18:16:41","slug":"publication-rules","status":"publish","type":"page","link":"https:\/\/www.socesfar.es\/en\/publication-rules\/","title":{"rendered":"Publication Rules"},"content":{"rendered":"\t\t<div data-elementor-type=\"wp-page\" data-elementor-id=\"2510\" class=\"elementor elementor-2510 elementor-1301\" data-elementor-post-type=\"page\">\n\t\t\t\t\t\t<section class=\"ob-is-breaking-bad elementor-section elementor-top-section elementor-element elementor-element-47b27f6 elementor-section-boxed elementor-section-height-default elementor-section-height-default\" data-id=\"47b27f6\" data-element_type=\"section\" data-e-type=\"section\" data-settings=\"{&quot;background_background&quot;:&quot;classic&quot;,&quot;_ob_bbad_use_it&quot;:&quot;yes&quot;,&quot;_ob_bbad_sssic_use&quot;:&quot;no&quot;,&quot;_ob_glider_is_slider&quot;:&quot;no&quot;}\">\n\t\t\t\t\t\t<div class=\"elementor-container elementor-column-gap-default\">\n\t\t\t\t\t<div class=\"elementor-column elementor-col-100 elementor-top-column elementor-element elementor-element-d48625c\" data-id=\"d48625c\" data-element_type=\"column\" data-e-type=\"column\" data-settings=\"{&quot;background_background&quot;:&quot;classic&quot;,&quot;_ob_bbad_is_stalker&quot;:&quot;no&quot;,&quot;_ob_teleporter_use&quot;:false,&quot;_ob_column_hoveranimator&quot;:&quot;no&quot;,&quot;_ob_column_has_pseudo&quot;:&quot;no&quot;}\">\n\t\t\t<div class=\"elementor-widget-wrap elementor-element-populated\">\n\t\t\t\t\t\t\t<\/div>\n\t\t<\/div>\n\t\t\t\t\t<\/div>\n\t\t<\/section>\n\t\t\t\t<section class=\"ob-is-breaking-bad elementor-section elementor-top-section elementor-element elementor-element-f8132c6 elementor-section-boxed elementor-section-height-default elementor-section-height-default\" data-id=\"f8132c6\" data-element_type=\"section\" data-e-type=\"section\" data-settings=\"{&quot;background_background&quot;:&quot;classic&quot;,&quot;_ob_bbad_use_it&quot;:&quot;yes&quot;,&quot;_ob_bbad_sssic_use&quot;:&quot;no&quot;,&quot;_ob_glider_is_slider&quot;:&quot;no&quot;}\">\n\t\t\t\t\t\t<div class=\"elementor-container elementor-column-gap-default\">\n\t\t\t\t\t<div class=\"elementor-column elementor-col-100 elementor-top-column elementor-element elementor-element-8fbbf13\" data-id=\"8fbbf13\" data-element_type=\"column\" data-e-type=\"column\" data-settings=\"{&quot;_ob_bbad_is_stalker&quot;:&quot;no&quot;,&quot;_ob_teleporter_use&quot;:false,&quot;_ob_column_hoveranimator&quot;:&quot;no&quot;,&quot;_ob_column_has_pseudo&quot;:&quot;no&quot;}\">\n\t\t\t<div class=\"elementor-widget-wrap elementor-element-populated\">\n\t\t\t\t\t\t<div class=\"elementor-element elementor-element-46a21c4 ob-has-background-overlay elementor-widget elementor-widget-breadcrumbs\" data-id=\"46a21c4\" data-element_type=\"widget\" data-e-type=\"widget\" data-settings=\"{&quot;_ob_perspektive_use&quot;:&quot;no&quot;,&quot;_ob_poopart_use&quot;:&quot;yes&quot;,&quot;_ob_shadough_use&quot;:&quot;no&quot;,&quot;_ob_allow_hoveranimator&quot;:&quot;no&quot;,&quot;_ob_widget_stalker_use&quot;:&quot;no&quot;}\" data-widget_type=\"breadcrumbs.default\">\n\t\t\t\t<div class=\"elementor-widget-container\">\n\t\t\t\t\t<p id=\"breadcrumbs\"><span><span><a href=\"https:\/\/www.socesfar.es\/en\/\">Home<\/a><\/span><\/span><\/p>\t\t\t\t<\/div>\n\t\t\t\t<\/div>\n\t\t\t\t\t<\/div>\n\t\t<\/div>\n\t\t\t\t\t<\/div>\n\t\t<\/section>\n\t\t\t\t<section class=\"ob-is-breaking-bad elementor-section elementor-top-section elementor-element elementor-element-10a5b605 elementor-section-boxed elementor-section-height-default elementor-section-height-default\" data-id=\"10a5b605\" data-element_type=\"section\" data-e-type=\"section\" data-settings=\"{&quot;_ob_bbad_use_it&quot;:&quot;yes&quot;,&quot;_ob_bbad_sssic_use&quot;:&quot;no&quot;,&quot;_ob_glider_is_slider&quot;:&quot;no&quot;}\">\n\t\t\t\t\t\t<div class=\"elementor-container elementor-column-gap-default\">\n\t\t\t\t\t<div class=\"elementor-column elementor-col-100 elementor-top-column elementor-element elementor-element-5550c94d\" data-id=\"5550c94d\" data-element_type=\"column\" data-e-type=\"column\" data-settings=\"{&quot;_ob_bbad_is_stalker&quot;:&quot;no&quot;,&quot;_ob_teleporter_use&quot;:false,&quot;_ob_column_hoveranimator&quot;:&quot;no&quot;,&quot;_ob_column_has_pseudo&quot;:&quot;no&quot;}\">\n\t\t\t<div class=\"elementor-widget-wrap elementor-element-populated\">\n\t\t\t\t\t\t<div class=\"elementor-element elementor-element-2a75988 ob-has-background-overlay elementor-widget elementor-widget-spacer\" data-id=\"2a75988\" data-element_type=\"widget\" data-e-type=\"widget\" data-settings=\"{&quot;_ob_spacerat_use&quot;:&quot;no&quot;,&quot;_ob_perspektive_use&quot;:&quot;no&quot;,&quot;_ob_poopart_use&quot;:&quot;yes&quot;,&quot;_ob_shadough_use&quot;:&quot;no&quot;,&quot;_ob_allow_hoveranimator&quot;:&quot;no&quot;,&quot;_ob_widget_stalker_use&quot;:&quot;no&quot;}\" data-widget_type=\"spacer.default\">\n\t\t\t\t<div class=\"elementor-widget-container\">\n\t\t\t\t\t\t\t<div class=\"elementor-spacer\">\n\t\t\t<div class=\"elementor-spacer-inner\"><\/div>\n\t\t<\/div>\n\t\t\t\t\t\t<\/div>\n\t\t\t\t<\/div>\n\t\t\t\t<div class=\"elementor-element elementor-element-50dd24e2 ob-harakiri-inherit ob-has-background-overlay elementor-widget elementor-widget-text-editor\" data-id=\"50dd24e2\" data-element_type=\"widget\" data-e-type=\"widget\" data-settings=\"{&quot;_ob_use_harakiri&quot;:&quot;yes&quot;,&quot;_ob_harakiri_writing_mode&quot;:&quot;inherit&quot;,&quot;_ob_postman_use&quot;:&quot;no&quot;,&quot;_ob_perspektive_use&quot;:&quot;no&quot;,&quot;_ob_poopart_use&quot;:&quot;yes&quot;,&quot;_ob_shadough_use&quot;:&quot;no&quot;,&quot;_ob_allow_hoveranimator&quot;:&quot;no&quot;,&quot;_ob_widget_stalker_use&quot;:&quot;no&quot;}\" data-widget_type=\"text-editor.default\">\n\t\t\t\t<div class=\"elementor-widget-container\">\n\t\t\t\t\t\t\t\t\t<p class=\"p2\"><strong>Profile and objectives<\/strong><\/p>\n<p class=\"p2\">The journal &#8220;Actualidad en Farmacolog\u00eda y Terapeutica&#8221; (AFT) was created in 2002. It is the representative tool for the Spanish Society of Pharmacology (SEF). It is edited jointly by the SEF and by the Te\u00f3filo Hernando Foundation Institute (IFTH). It is managed, edited, and distributed by IFTH, and its publishing costs are covered in equal parts by the Spanish Pharmacology Foundation (FEF) and by the Te\u00f3filo Hernando Foundation.<\/p>\n<p class=\"p2\">AFT is a journal of continuous training, aimed at all health professionals related to the use of medicines to prevent and treat human diseases. It is, therefore, a journal of pharmacotherapy update, whose rigorous contents are prepared from international bibliographic sources of proven quality. It is published in the Spanish language and its main but not exclusive target is the health professionals of Spain and Latin America. As of 2020, pharmacotherapy articles also include an abstract in English.<\/p>\n<p class=\"p2\"><strong>Types of contributions<\/strong><\/p>\n<p class=\"p2\">Most of the articles published in AFT are written by the members of its Editorial Board and their collaborators. However, all contributions that come to the Editorial Board will also be considered.<br \/>\nThe sections of AFT and its objectives are as follows:<\/p>\n<p class=\"p2\" style=\"padding-left: 40px;\"><strong>1. Editorial of the president of the SEF<\/strong> (1,500 words). It includes comments from the society and its activities, or other pharmacotherapy aspects that it deems appropriate to highlight.<\/p>\n<p class=\"p2\" style=\"padding-left: 40px;\"><strong>2. Editorial of the director of AFT<\/strong> (1,500 words). Topics related to medicine, pharmacological science, continuing education, and drug culture.<\/p>\n<p class=\"p2\" style=\"padding-left: 40px;\"><strong>3. Guest editorial<\/strong> (1,500 words). Comment of personalities related to medicine (Health, Pharmaceutical Industry, foundations, scientific societies).<\/p>\n<p class=\"p2\" style=\"padding-left: 40px;\"><strong>4. Review of pharmacotherapy<\/strong> (10,000 words, excluding tables, figures and bibliography). Updating of a frontier issue related to the R &amp; D &amp; I of the drug, with a recently marketed drug or with the treatment of a certain disease.<\/p>\n<p class=\"p2\" style=\"padding-left: 40px;\"><strong>5. Pharmacotherapy cases<\/strong> (1,500 words). Comment of real clinical cases with pharmacological-therapeutic orientation.<\/p>\n<p class=\"p2\" style=\"padding-left: 40px;\"><strong>6. Culture and drugs.<\/strong> This section contains articles on cultural or historical aspects related to a certain drug or a renowned scientist. The inappropriate use of anglicisms and terms related to drugs is also discussed, as comments on editorial news related to pharmacology and therapy (texts, monographs). The &#8220;Poetry and Medicine&#8221; section also included here.<\/p>\n<p class=\"p2\" style=\"padding-left: 40px;\"><strong>7. The SEF informs.<\/strong> This section includes SEF News, congresses, symposia, awards and other activities.<\/p>\n<p class=\"p2\"><strong>Collaborations<\/strong><\/p>\n<p class=\"p2\">The types of collaborations are diverse. For this reason, some general rules valid for all of them are described here and, later, more specific rules will be described for longer articles. The general style rules are as follows:<\/p>\n<p class=\"p2\" style=\"padding-left: 40px;\">1st Drafting in a clear and concise manner.<\/p>\n<p class=\"p2\" style=\"padding-left: 40px;\">2nd Use only the generic names of the drugs, internationally accepted, in lowercase<\/p>\n<p class=\"p2\" style=\"padding-left: 40px;\">3rd Title of each article in capital letters.<\/p>\n<p class=\"p2\" style=\"padding-left: 40px;\">4th Authors and affiliation. Write the name of each author, followed by their surname or surnames, and the workplace of each one, under the title of each collaboration.<\/p>\n<p class=\"p2\">For the original articles of Pharmacotherapy Reviews and other more extensive articles, the following norms will be followed (in addition to the previous ones):<\/p>\n<p class=\"p2\" style=\"padding-left: 40px;\">\u2022 Monographic articles on a drug will deal with all aspects related to it: pharmacological group, chemical structure, mechanism of action, pharmacokinetics, efficacy (supported by robust clinical trials), and adverse effects and indications.<\/p>\n<p class=\"p2\" style=\"padding-left: 40px;\">\u2022 Articles with references to the treatment of specific diseases will emphasize pharmacological treatment, pharmacokinetics and therapeutic guidelines. References to the description of the disease and its diagnosis should be minimal (one page, at most); the focus must be the medicine and the allusions to the disease must be the minimum to be able to reason the different therapeutic options, and the clinical trials that support them.<\/p>\n<p class=\"p2\" style=\"padding-left: 40px;\">\u2022 The length of the articles will be 10,000 words and no more than 5 figures or tables.<\/p>\n<p class=\"p2\" style=\"padding-left: 40px;\">\u2022 Cover: It will contain the title of the work in capital letters, the name of each author followed by the surname (s); department, service, and hospital in which it has been carried out.<\/p>\n<p class=\"p2\" style=\"padding-left: 40px;\">\u2022 Presentation: It will consist of a short sentence of no more than eight typed lines, different from the summary, which will highlight the interest of the work and will induce its reading. It will be written on a separate sheet.<\/p>\n<p class=\"p2\" style=\"padding-left: 40px;\">\u2022 Summary: It will be written on a separate page and its length will not exceed 200 words. This page should go to the beginning. The abstract will be written in Spanish and English.<\/p>\n<p class=\"p2\" style=\"padding-left: 40px;\">\u2022 Text: The text of the work must start on a separate sheet and be written in a logical sequence on consecutive sheets. It will be organized with headings and subtitles that facilitate its reading.<\/p>\n<p class=\"p2\" style=\"padding-left: 40px;\">\u2022 Bibliography: It will be cited in the text by means of the first surname and year of publication (in parentheses); for example, (Alonso et al., 1961). In the bibliographic relation, which will be located at the end of the main text, the references will appear, in alphabetical order. Bibliographic citations must be scrupulously selected without the necessary limitation (for reasons of space) reducing the quality and scientific rigor of the works.<\/p>\n<p class=\"p2\" style=\"padding-left: 40px;\">\u2022 References to articles and journals will follow the Vancouver style and will include last name and initial of the first name \/ s of the author or authors in their entirety, title, publication (with abbreviations), year, volume, first and last page. Example: Baron, EJ, Gates, JW. Primary plate identification of group A beta-hemolytic streptococci utilizing a two-disk technique. J. Clin Microbiol, 1979; 10: 80-84.<\/p>\n<p class=\"p2\" style=\"padding-left: 40px;\">\u2022 Book references will include surname and initial of the name \/ s of the author or authors in their entirety, title, publisher \/ s (if any), publisher, place and year of publication and pages. Example: Sabath, LD, Masten, JM. Analysis of antimicrobial agents. In: Lennett, E. H, Spaulding, EH, Truant J. (ed.): Manual of Clinical Microbiology. Salvat, Barcelona, 1981, pp. 437-440.<\/p>\n<p class=\"p2\" style=\"padding-left: 40px;\">\u2022 Highlights: On a separate sheet, five phrases extracted from the text will be outlined, highlighting the most relevant aspects of it.<\/p>\n<p class=\"p2\" style=\"padding-left: 40px;\">\u2022 Iconography: Tables, figures, charts, graphs, diagrams, diagrams, photographs, etc., must be numbered with ordinal numbers, using, both in the text and in its title, the complete word \u201cwithout abbreviations\u201d (VG: table 1 , figure 3). Tables, in Word format, will have their title (after the corresponding number) at the top. The figures, tables, graphs, diagrams, diagrams and photographs will bear their title, after the corresponding number at the bottom. Each of these iconographic materials will be sent in digital format (jpeg, tiff, eps), separated from the article, in an image file with a resolution of 300 dpi (dots per inch).<\/p>\n<p class=\"p2\" style=\"padding-left: 40px;\">\u2022 Important note: do not paste the images into a Word document, as it significantly reduces their quality. Always send in the formats specified above.<\/p>\n<p class=\"p2\"><strong>Submission of contributions<\/strong><\/p>\n<p class=\"p2\">Papers must be unpublished and not be in the publication phase, or have been published, in any other journal. The letter and the manuscript must be sent by email in which it is specified that the work is original and has not been published in another magazine.<\/p>\n<p class=\"p2\"><strong>Editing<\/strong><\/p>\n<p class=\"p2\">Actualidad en Farmacolog\u00eda y Terap\u00e9utica<br \/>\n<em>Instituto Fundaci\u00f3n Te\u00f3filo Hernando<br \/>\nParque Cient\u00edfico de Madrid<br \/>\nCampus de Cantoblanco, UAM, Madrid<br \/>\n<\/em><a href=\"mailto:maria.fagoaga@ifth.es\">maria.fagoaga@ifth.es<\/a><\/p>\n<p class=\"p2\">The IFTH secretary, Mrs. Mar\u00eda Fagoaga, will acknowledge receipt of the collaboration and the Editor-in-Chief prof. Luis Gand\u00eda, will manage the evaluation of the manuscript and its eventual acceptance.<\/p>\n\t\t\t\t\t\t\t\t<\/div>\n\t\t\t\t<\/div>\n\t\t\t\t\t<\/div>\n\t\t<\/div>\n\t\t\t\t\t<\/div>\n\t\t<\/section>\n\t\t\t\t<\/div>\n\t\t","protected":false},"excerpt":{"rendered":"<p>Profile and objectives The journal &#8220;Actualidad en Farmacolog\u00eda y Terapeutica&#8221; (AFT) was created in 2002. It is the representative tool for the Spanish Society of Pharmacology (SEF). It is edited jointly by the SEF and by the Te\u00f3filo Hernando Foundation Institute (IFTH). It is managed, edited, and distributed by IFTH, and its publishing costs are &#8230; <a title=\"Publication Rules\" class=\"read-more\" href=\"https:\/\/www.socesfar.es\/en\/publication-rules\/\" aria-label=\"More on Publication Rules\">Read more<\/a><\/p>\n","protected":false},"author":2,"featured_media":0,"parent":0,"menu_order":0,"comment_status":"closed","ping_status":"closed","template":"","meta":{"footnotes":""},"class_list":["post-2510","page","type-page","status-publish"],"yoast_head":"<!-- This site is optimized with the Yoast SEO plugin v27.1 - https:\/\/yoast.com\/product\/yoast-seo-wordpress\/ -->\n<title>Publication Rules - Sociedad Espa\u00f1ola de Farmacolog\u00eda<\/title>\n<meta name=\"robots\" content=\"index, follow, max-snippet:-1, max-image-preview:large, max-video-preview:-1\" \/>\n<link rel=\"canonical\" href=\"https:\/\/www.socesfar.es\/en\/publication-rules\/\" \/>\n<meta property=\"og:locale\" content=\"en_US\" \/>\n<meta property=\"og:type\" content=\"article\" \/>\n<meta property=\"og:title\" content=\"Publication Rules - Sociedad Espa\u00f1ola de Farmacolog\u00eda\" \/>\n<meta property=\"og:description\" content=\"Profile and objectives The journal &#8220;Actualidad en Farmacolog\u00eda y Terapeutica&#8221; (AFT) was created in 2002. It is the representative tool for the Spanish Society of Pharmacology (SEF). It is edited jointly by the SEF and by the Te\u00f3filo Hernando Foundation Institute (IFTH). It is managed, edited, and distributed by IFTH, and its publishing costs are ... Read more\" \/>\n<meta property=\"og:url\" content=\"https:\/\/www.socesfar.es\/en\/publication-rules\/\" \/>\n<meta property=\"og:site_name\" content=\"Sociedad Espa\u00f1ola de Farmacolog\u00eda\" \/>\n<meta property=\"article:modified_time\" content=\"2021-10-18T18:16:41+00:00\" \/>\n<meta name=\"twitter:card\" content=\"summary_large_image\" \/>\n<meta name=\"twitter:site\" content=\"@Socesfar\" \/>\n<meta name=\"twitter:label1\" content=\"Est. reading time\" \/>\n\t<meta name=\"twitter:data1\" content=\"6 minutes\" \/>\n<script type=\"application\/ld+json\" class=\"yoast-schema-graph\">{\"@context\":\"https:\/\/schema.org\",\"@graph\":[{\"@type\":\"WebPage\",\"@id\":\"https:\/\/www.socesfar.es\/en\/publication-rules\/\",\"url\":\"https:\/\/www.socesfar.es\/en\/publication-rules\/\",\"name\":\"Publication Rules - Sociedad Espa\u00f1ola de Farmacolog\u00eda\",\"isPartOf\":{\"@id\":\"https:\/\/www.socesfar.es\/en\/#website\"},\"datePublished\":\"2021-10-13T10:19:39+00:00\",\"dateModified\":\"2021-10-18T18:16:41+00:00\",\"breadcrumb\":{\"@id\":\"https:\/\/www.socesfar.es\/en\/publication-rules\/#breadcrumb\"},\"inLanguage\":\"en-US\",\"potentialAction\":[{\"@type\":\"ReadAction\",\"target\":[\"https:\/\/www.socesfar.es\/en\/publication-rules\/\"]}]},{\"@type\":\"BreadcrumbList\",\"@id\":\"https:\/\/www.socesfar.es\/en\/publication-rules\/#breadcrumb\",\"itemListElement\":[{\"@type\":\"ListItem\",\"position\":1,\"name\":\"Home\",\"item\":\"https:\/\/www.socesfar.es\/en\/\"},{\"@type\":\"ListItem\",\"position\":2,\"name\":\"Publication Rules\"}]},{\"@type\":\"WebSite\",\"@id\":\"https:\/\/www.socesfar.es\/en\/#website\",\"url\":\"https:\/\/www.socesfar.es\/en\/\",\"name\":\"Sociedad Espa\u00f1ola de Farmacolog\u00eda\",\"description\":\"\",\"publisher\":{\"@id\":\"https:\/\/www.socesfar.es\/en\/#organization\"},\"potentialAction\":[{\"@type\":\"SearchAction\",\"target\":{\"@type\":\"EntryPoint\",\"urlTemplate\":\"https:\/\/www.socesfar.es\/en\/?s={search_term_string}\"},\"query-input\":{\"@type\":\"PropertyValueSpecification\",\"valueRequired\":true,\"valueName\":\"search_term_string\"}}],\"inLanguage\":\"en-US\"},{\"@type\":\"Organization\",\"@id\":\"https:\/\/www.socesfar.es\/en\/#organization\",\"name\":\"Sociedad Espa\u00f1ola de Farmacolog\u00eda\",\"url\":\"https:\/\/www.socesfar.es\/en\/\",\"logo\":{\"@type\":\"ImageObject\",\"inLanguage\":\"en-US\",\"@id\":\"https:\/\/www.socesfar.es\/en\/#\/schema\/logo\/image\/\",\"url\":\"https:\/\/www.socesfar.es\/wp-content\/uploads\/2021\/07\/logo-socesfar-02.png\",\"contentUrl\":\"https:\/\/www.socesfar.es\/wp-content\/uploads\/2021\/07\/logo-socesfar-02.png\",\"width\":383,\"height\":63,\"caption\":\"Sociedad Espa\u00f1ola de Farmacolog\u00eda\"},\"image\":{\"@id\":\"https:\/\/www.socesfar.es\/en\/#\/schema\/logo\/image\/\"},\"sameAs\":[\"https:\/\/x.com\/Socesfar\",\"https:\/\/www.linkedin.com\/company\/socesfar\/\"]}]}<\/script>\n<!-- \/ Yoast SEO plugin. -->","yoast_head_json":{"title":"Publication Rules - Sociedad Espa\u00f1ola de Farmacolog\u00eda","robots":{"index":"index","follow":"follow","max-snippet":"max-snippet:-1","max-image-preview":"max-image-preview:large","max-video-preview":"max-video-preview:-1"},"canonical":"https:\/\/www.socesfar.es\/en\/publication-rules\/","og_locale":"en_US","og_type":"article","og_title":"Publication Rules - Sociedad Espa\u00f1ola de Farmacolog\u00eda","og_description":"Profile and objectives The journal &#8220;Actualidad en Farmacolog\u00eda y Terapeutica&#8221; (AFT) was created in 2002. It is the representative tool for the Spanish Society of Pharmacology (SEF). It is edited jointly by the SEF and by the Te\u00f3filo Hernando Foundation Institute (IFTH). It is managed, edited, and distributed by IFTH, and its publishing costs are ... Read more","og_url":"https:\/\/www.socesfar.es\/en\/publication-rules\/","og_site_name":"Sociedad Espa\u00f1ola de Farmacolog\u00eda","article_modified_time":"2021-10-18T18:16:41+00:00","twitter_card":"summary_large_image","twitter_site":"@Socesfar","twitter_misc":{"Est. reading time":"6 minutes"},"schema":{"@context":"https:\/\/schema.org","@graph":[{"@type":"WebPage","@id":"https:\/\/www.socesfar.es\/en\/publication-rules\/","url":"https:\/\/www.socesfar.es\/en\/publication-rules\/","name":"Publication Rules - Sociedad Espa\u00f1ola de Farmacolog\u00eda","isPartOf":{"@id":"https:\/\/www.socesfar.es\/en\/#website"},"datePublished":"2021-10-13T10:19:39+00:00","dateModified":"2021-10-18T18:16:41+00:00","breadcrumb":{"@id":"https:\/\/www.socesfar.es\/en\/publication-rules\/#breadcrumb"},"inLanguage":"en-US","potentialAction":[{"@type":"ReadAction","target":["https:\/\/www.socesfar.es\/en\/publication-rules\/"]}]},{"@type":"BreadcrumbList","@id":"https:\/\/www.socesfar.es\/en\/publication-rules\/#breadcrumb","itemListElement":[{"@type":"ListItem","position":1,"name":"Home","item":"https:\/\/www.socesfar.es\/en\/"},{"@type":"ListItem","position":2,"name":"Publication Rules"}]},{"@type":"WebSite","@id":"https:\/\/www.socesfar.es\/en\/#website","url":"https:\/\/www.socesfar.es\/en\/","name":"Sociedad Espa\u00f1ola de Farmacolog\u00eda","description":"","publisher":{"@id":"https:\/\/www.socesfar.es\/en\/#organization"},"potentialAction":[{"@type":"SearchAction","target":{"@type":"EntryPoint","urlTemplate":"https:\/\/www.socesfar.es\/en\/?s={search_term_string}"},"query-input":{"@type":"PropertyValueSpecification","valueRequired":true,"valueName":"search_term_string"}}],"inLanguage":"en-US"},{"@type":"Organization","@id":"https:\/\/www.socesfar.es\/en\/#organization","name":"Sociedad Espa\u00f1ola de Farmacolog\u00eda","url":"https:\/\/www.socesfar.es\/en\/","logo":{"@type":"ImageObject","inLanguage":"en-US","@id":"https:\/\/www.socesfar.es\/en\/#\/schema\/logo\/image\/","url":"https:\/\/www.socesfar.es\/wp-content\/uploads\/2021\/07\/logo-socesfar-02.png","contentUrl":"https:\/\/www.socesfar.es\/wp-content\/uploads\/2021\/07\/logo-socesfar-02.png","width":383,"height":63,"caption":"Sociedad Espa\u00f1ola de Farmacolog\u00eda"},"image":{"@id":"https:\/\/www.socesfar.es\/en\/#\/schema\/logo\/image\/"},"sameAs":["https:\/\/x.com\/Socesfar","https:\/\/www.linkedin.com\/company\/socesfar\/"]}]}},"_links":{"self":[{"href":"https:\/\/www.socesfar.es\/en\/wp-json\/wp\/v2\/pages\/2510","targetHints":{"allow":["GET"]}}],"collection":[{"href":"https:\/\/www.socesfar.es\/en\/wp-json\/wp\/v2\/pages"}],"about":[{"href":"https:\/\/www.socesfar.es\/en\/wp-json\/wp\/v2\/types\/page"}],"author":[{"embeddable":true,"href":"https:\/\/www.socesfar.es\/en\/wp-json\/wp\/v2\/users\/2"}],"replies":[{"embeddable":true,"href":"https:\/\/www.socesfar.es\/en\/wp-json\/wp\/v2\/comments?post=2510"}],"version-history":[{"count":7,"href":"https:\/\/www.socesfar.es\/en\/wp-json\/wp\/v2\/pages\/2510\/revisions"}],"predecessor-version":[{"id":2684,"href":"https:\/\/www.socesfar.es\/en\/wp-json\/wp\/v2\/pages\/2510\/revisions\/2684"}],"wp:attachment":[{"href":"https:\/\/www.socesfar.es\/en\/wp-json\/wp\/v2\/media?parent=2510"}],"curies":[{"name":"wp","href":"https:\/\/api.w.org\/{rel}","templated":true}]}}