{"id":2529,"date":"2021-10-13T15:50:40","date_gmt":"2021-10-13T13:50:40","guid":{"rendered":"https:\/\/www.socesfar.es\/contatc\/"},"modified":"2025-01-16T09:23:20","modified_gmt":"2025-01-16T08:23:20","slug":"contact","status":"publish","type":"page","link":"https:\/\/www.socesfar.es\/en\/contact\/","title":{"rendered":"Contact"},"content":{"rendered":"\t\t<div data-elementor-type=\"wp-page\" data-elementor-id=\"2529\" class=\"elementor elementor-2529 elementor-34\" data-elementor-post-type=\"page\">\n\t\t\t\t\t\t<section class=\"ob-is-breaking-bad elementor-section elementor-top-section elementor-element elementor-element-2ceaf72 elementor-section-boxed elementor-section-height-default elementor-section-height-default\" data-id=\"2ceaf72\" data-element_type=\"section\" data-e-type=\"section\" data-settings=\"{&quot;background_background&quot;:&quot;classic&quot;,&quot;_ob_bbad_use_it&quot;:&quot;yes&quot;,&quot;_ob_bbad_sssic_use&quot;:&quot;no&quot;,&quot;_ob_glider_is_slider&quot;:&quot;no&quot;}\">\n\t\t\t\t\t\t<div class=\"elementor-container elementor-column-gap-default\">\n\t\t\t\t\t<div class=\"elementor-column elementor-col-100 elementor-top-column elementor-element elementor-element-aa12e97\" data-id=\"aa12e97\" data-element_type=\"column\" data-e-type=\"column\" data-settings=\"{&quot;background_background&quot;:&quot;classic&quot;,&quot;_ob_bbad_is_stalker&quot;:&quot;no&quot;,&quot;_ob_teleporter_use&quot;:false,&quot;_ob_column_hoveranimator&quot;:&quot;no&quot;,&quot;_ob_column_has_pseudo&quot;:&quot;no&quot;}\">\n\t\t\t<div class=\"elementor-widget-wrap elementor-element-populated\">\n\t\t\t\t\t\t<div class=\"elementor-element elementor-element-d0c9eb7 ob-harakiri-inherit ob-has-background-overlay elementor-widget elementor-widget-heading\" data-id=\"d0c9eb7\" data-element_type=\"widget\" data-e-type=\"widget\" data-settings=\"{&quot;_ob_use_harakiri&quot;:&quot;yes&quot;,&quot;_ob_harakiri_writing_mode&quot;:&quot;inherit&quot;,&quot;_ob_harakiri_text_clip&quot;:&quot;none&quot;,&quot;_ob_perspektive_use&quot;:&quot;no&quot;,&quot;_ob_poopart_use&quot;:&quot;yes&quot;,&quot;_ob_shadough_use&quot;:&quot;no&quot;,&quot;_ob_allow_hoveranimator&quot;:&quot;no&quot;,&quot;_ob_widget_stalker_use&quot;:&quot;no&quot;}\" data-widget_type=\"heading.default\">\n\t\t\t\t<div class=\"elementor-widget-container\">\n\t\t\t\t\t<h2 class=\"elementor-heading-title elementor-size-default\">Contact<\/h2>\t\t\t\t<\/div>\n\t\t\t\t<\/div>\n\t\t\t\t\t<\/div>\n\t\t<\/div>\n\t\t\t\t\t<\/div>\n\t\t<\/section>\n\t\t\t\t<section class=\"ob-is-breaking-bad elementor-section elementor-top-section elementor-element elementor-element-eaa4b2f elementor-section-boxed elementor-section-height-default elementor-section-height-default\" data-id=\"eaa4b2f\" data-element_type=\"section\" data-e-type=\"section\" data-settings=\"{&quot;_ob_bbad_use_it&quot;:&quot;yes&quot;,&quot;_ob_bbad_sssic_use&quot;:&quot;no&quot;,&quot;_ob_glider_is_slider&quot;:&quot;no&quot;}\">\n\t\t\t\t\t\t<div class=\"elementor-container elementor-column-gap-default\">\n\t\t\t\t\t<div class=\"elementor-column elementor-col-50 elementor-top-column elementor-element elementor-element-801e840\" data-id=\"801e840\" data-element_type=\"column\" data-e-type=\"column\" data-settings=\"{&quot;_ob_bbad_is_stalker&quot;:&quot;no&quot;,&quot;_ob_teleporter_use&quot;:false,&quot;_ob_column_hoveranimator&quot;:&quot;no&quot;,&quot;_ob_column_has_pseudo&quot;:&quot;no&quot;}\">\n\t\t\t<div class=\"elementor-widget-wrap elementor-element-populated\">\n\t\t\t\t\t\t<div class=\"elementor-element elementor-element-92ced8d ob-harakiri-inherit ob-has-background-overlay elementor-widget elementor-widget-heading\" data-id=\"92ced8d\" data-element_type=\"widget\" data-e-type=\"widget\" data-settings=\"{&quot;_ob_use_harakiri&quot;:&quot;yes&quot;,&quot;_ob_harakiri_writing_mode&quot;:&quot;inherit&quot;,&quot;_ob_harakiri_text_clip&quot;:&quot;none&quot;,&quot;_ob_perspektive_use&quot;:&quot;no&quot;,&quot;_ob_poopart_use&quot;:&quot;yes&quot;,&quot;_ob_shadough_use&quot;:&quot;no&quot;,&quot;_ob_allow_hoveranimator&quot;:&quot;no&quot;,&quot;_ob_widget_stalker_use&quot;:&quot;no&quot;}\" data-widget_type=\"heading.default\">\n\t\t\t\t<div class=\"elementor-widget-container\">\n\t\t\t\t\t<h4 class=\"elementor-heading-title elementor-size-default\">Sociedad Espa\u00f1ola de Farmacolog\u00eda<\/h4>\t\t\t\t<\/div>\n\t\t\t\t<\/div>\n\t\t\t\t<div class=\"elementor-element elementor-element-110ba6c ob-harakiri-inherit ob-has-background-overlay elementor-widget elementor-widget-text-editor\" data-id=\"110ba6c\" data-element_type=\"widget\" data-e-type=\"widget\" data-settings=\"{&quot;_ob_use_harakiri&quot;:&quot;yes&quot;,&quot;_ob_harakiri_writing_mode&quot;:&quot;inherit&quot;,&quot;_ob_postman_use&quot;:&quot;no&quot;,&quot;_ob_perspektive_use&quot;:&quot;no&quot;,&quot;_ob_poopart_use&quot;:&quot;yes&quot;,&quot;_ob_shadough_use&quot;:&quot;no&quot;,&quot;_ob_allow_hoveranimator&quot;:&quot;no&quot;,&quot;_ob_widget_stalker_use&quot;:&quot;no&quot;}\" data-widget_type=\"text-editor.default\">\n\t\t\t\t<div class=\"elementor-widget-container\">\n\t\t\t\t\t\t\t\t\t<p>Departamento de Farmacolog\u00eda y Toxicolog\u00eda. <br \/>Pabell\u00f3n III, 1\u00aa Planta<br \/>Facultad de Medicina. Universidad Complutense de Madrid<br \/>Pl. de Ram\u00f3n y Cajal, s\/n<br \/>28040 &#8211; Madrid<br \/><span id=\"cloak13469\"><a href=\"mailto:socesfar@socesfar.es\">socesfar@socesfar.es<\/a><\/span><\/p>\n<p><strong>Secretar\u00eda administrativa \/ <\/strong><em>Administrative Assistant<\/em><strong>:<\/strong><br \/>Mar Morales Molina<br \/><span id=\"cloak13469\"><a href=\"mailto:socesfar@socesfar.es\">socesfar@socesfar.es<\/a><\/span><\/p>\n\t\t\t\t\t\t\t\t<\/div>\n\t\t\t\t<\/div>\n\t\t\t\t\t<\/div>\n\t\t<\/div>\n\t\t\t\t<div class=\"elementor-column elementor-col-50 elementor-top-column elementor-element elementor-element-657ce44\" data-id=\"657ce44\" data-element_type=\"column\" data-e-type=\"column\" data-settings=\"{&quot;_ob_bbad_is_stalker&quot;:&quot;no&quot;,&quot;_ob_teleporter_use&quot;:false,&quot;_ob_column_hoveranimator&quot;:&quot;no&quot;,&quot;_ob_column_has_pseudo&quot;:&quot;no&quot;}\">\n\t\t\t<div class=\"elementor-widget-wrap elementor-element-populated\">\n\t\t\t\t\t\t<div class=\"elementor-element elementor-element-f8543fe ob-has-background-overlay elementor-widget elementor-widget-google_maps\" data-id=\"f8543fe\" data-element_type=\"widget\" data-e-type=\"widget\" data-settings=\"{&quot;_ob_perspektive_use&quot;:&quot;no&quot;,&quot;_ob_poopart_use&quot;:&quot;yes&quot;,&quot;_ob_shadough_use&quot;:&quot;no&quot;,&quot;_ob_allow_hoveranimator&quot;:&quot;no&quot;,&quot;_ob_widget_stalker_use&quot;:&quot;no&quot;}\" data-widget_type=\"google_maps.default\">\n\t\t\t\t<div class=\"elementor-widget-container\">\n\t\t\t\t\t\t\t<div class=\"elementor-custom-embed\">\n\t\t\t<iframe loading=\"lazy\"\n\t\t\t\t\tsrc=\"https:\/\/maps.google.com\/maps?q=Pza.%20Ram%C3%B3n%20y%20Cajal%2C%20s%2Fn%2028040%20Madrid%20&#038;t=m&#038;z=10&#038;output=embed&#038;iwloc=near\"\n\t\t\t\t\ttitle=\"Pza. Ram\u00f3n y Cajal, s\/n 28040 Madrid \"\n\t\t\t\t\taria-label=\"Pza. Ram\u00f3n y Cajal, s\/n 28040 Madrid \"\n\t\t\t><\/iframe>\n\t\t<\/div>\n\t\t\t\t\t\t<\/div>\n\t\t\t\t<\/div>\n\t\t\t\t\t<\/div>\n\t\t<\/div>\n\t\t\t\t\t<\/div>\n\t\t<\/section>\n\t\t\t\t<section class=\"ob-is-breaking-bad elementor-section elementor-top-section elementor-element elementor-element-d80e274 elementor-section-boxed elementor-section-height-default elementor-section-height-default\" data-id=\"d80e274\" data-element_type=\"section\" data-e-type=\"section\" data-settings=\"{&quot;_ob_bbad_use_it&quot;:&quot;yes&quot;,&quot;_ob_bbad_sssic_use&quot;:&quot;no&quot;,&quot;_ob_glider_is_slider&quot;:&quot;no&quot;}\">\n\t\t\t\t\t\t<div class=\"elementor-container elementor-column-gap-default\">\n\t\t\t\t\t<div class=\"elementor-column elementor-col-100 elementor-top-column elementor-element elementor-element-f3b250b\" data-id=\"f3b250b\" data-element_type=\"column\" data-e-type=\"column\" data-settings=\"{&quot;_ob_bbad_is_stalker&quot;:&quot;no&quot;,&quot;_ob_teleporter_use&quot;:false,&quot;_ob_column_hoveranimator&quot;:&quot;no&quot;,&quot;_ob_column_has_pseudo&quot;:&quot;no&quot;}\">\n\t\t\t<div class=\"elementor-widget-wrap elementor-element-populated\">\n\t\t\t\t\t\t<div class=\"elementor-element elementor-element-9e74a8f ob-harakiri-inherit ob-has-background-overlay elementor-widget elementor-widget-heading\" data-id=\"9e74a8f\" data-element_type=\"widget\" data-e-type=\"widget\" data-settings=\"{&quot;_ob_use_harakiri&quot;:&quot;yes&quot;,&quot;_ob_harakiri_writing_mode&quot;:&quot;inherit&quot;,&quot;_ob_harakiri_text_clip&quot;:&quot;none&quot;,&quot;_ob_perspektive_use&quot;:&quot;no&quot;,&quot;_ob_poopart_use&quot;:&quot;yes&quot;,&quot;_ob_shadough_use&quot;:&quot;no&quot;,&quot;_ob_allow_hoveranimator&quot;:&quot;no&quot;,&quot;_ob_widget_stalker_use&quot;:&quot;no&quot;}\" data-widget_type=\"heading.default\">\n\t\t\t\t<div class=\"elementor-widget-container\">\n\t\t\t\t\t<h2 class=\"elementor-heading-title elementor-size-default\">Contact Form<\/h2>\t\t\t\t<\/div>\n\t\t\t\t<\/div>\n\t\t\t\t<div class=\"elementor-element elementor-element-ba15510 elementor-button-align-stretch ob-has-background-overlay elementor-widget elementor-widget-form\" data-id=\"ba15510\" data-element_type=\"widget\" data-e-type=\"widget\" data-settings=\"{&quot;step_next_label&quot;:&quot;Next&quot;,&quot;step_previous_label&quot;:&quot;Previous&quot;,&quot;button_width&quot;:&quot;25&quot;,&quot;step_type&quot;:&quot;number_text&quot;,&quot;step_icon_shape&quot;:&quot;circle&quot;,&quot;_ob_perspektive_use&quot;:&quot;no&quot;,&quot;_ob_poopart_use&quot;:&quot;yes&quot;,&quot;_ob_shadough_use&quot;:&quot;no&quot;,&quot;_ob_allow_hoveranimator&quot;:&quot;no&quot;,&quot;_ob_widget_stalker_use&quot;:&quot;no&quot;}\" data-widget_type=\"form.default\">\n\t\t\t\t<div class=\"elementor-widget-container\">\n\t\t\t\t\t\t\t<form class=\"elementor-form\" method=\"post\" name=\"Contact Form\" aria-label=\"Contact Form\">\n\t\t\t<input type=\"hidden\" name=\"post_id\" value=\"2529\"\/>\n\t\t\t<input type=\"hidden\" name=\"form_id\" value=\"ba15510\"\/>\n\t\t\t<input type=\"hidden\" name=\"referer_title\" value=\"Sociedad Espa\u00f1ola de Farmacolog\u00eda\" \/>\n\n\t\t\t\n\t\t\t<div class=\"elementor-form-fields-wrapper elementor-labels-above\">\n\t\t\t\t\t\t\t\t<div class=\"elementor-field-type-text elementor-field-group elementor-column elementor-field-group-name elementor-col-50\">\n\t\t\t\t\t\t\t\t\t\t\t\t\t<input size=\"1\" type=\"text\" name=\"form_fields[name]\" id=\"form-field-name\" class=\"elementor-field elementor-size-sm  elementor-field-textual\" placeholder=\"Name\">\n\t\t\t\t\t\t\t\t\t\t\t<\/div>\n\t\t\t\t\t\t\t\t<div class=\"elementor-field-type-email elementor-field-group elementor-column elementor-field-group-email elementor-col-50 elementor-field-required\">\n\t\t\t\t\t\t\t\t\t\t\t\t\t<input size=\"1\" type=\"email\" name=\"form_fields[email]\" id=\"form-field-email\" class=\"elementor-field elementor-size-sm  elementor-field-textual\" placeholder=\"Email\" required=\"required\">\n\t\t\t\t\t\t\t\t\t\t\t<\/div>\n\t\t\t\t\t\t\t\t<div class=\"elementor-field-type-textarea elementor-field-group elementor-column elementor-field-group-message elementor-col-100\">\n\t\t\t\t\t<textarea class=\"elementor-field-textual elementor-field  elementor-size-sm\" name=\"form_fields[message]\" id=\"form-field-message\" rows=\"4\" placeholder=\"Message\"><\/textarea>\t\t\t\t<\/div>\n\t\t\t\t\t\t\t\t<div class=\"elementor-field-type-acceptance elementor-field-group elementor-column elementor-field-group-field_5060823 elementor-col-100 elementor-field-required\">\n\t\t\t\t\t\t\t<div class=\"elementor-field-subgroup\">\n\t\t\t<span class=\"elementor-field-option\">\n\t\t\t\t<input type=\"checkbox\" name=\"form_fields[field_5060823]\" id=\"form-field-field_5060823\" class=\"elementor-field elementor-size-sm  elementor-acceptance-field\" required=\"required\">\n\t\t\t\t<label for=\"form-field-field_5060823\">I have read and agree<strong><a href=\"https:\/\/www.socesfar.es\/en\/privacy-policy\/\" target=\"_blanc\">pivacy policy<\/a><\/strong><\/label>\t\t\t<\/span>\n\t\t<\/div>\n\t\t\t\t\t\t<\/div>\n\t\t\t\t\t\t\t\t<div class=\"elementor-field-type-recaptcha_v3 elementor-field-group elementor-column elementor-field-group-field_61c8aed elementor-col-100 recaptcha_v3-bottomright\">\n\t\t\t\t\t<div class=\"elementor-field\" id=\"form-field-field_61c8aed\"><div class=\"elementor-g-recaptcha\" data-sitekey=\"6LdQlkUqAAAAAHwG14-hrK3Dg0pwJ0NZttbB-LFu\" data-type=\"v3\" data-action=\"Form\" data-badge=\"bottomright\" data-size=\"invisible\"><\/div><\/div>\t\t\t\t<\/div>\n\t\t\t\t\t\t\t\t<div class=\"elementor-field-group elementor-column elementor-field-type-submit elementor-col-25 e-form__buttons\">\n\t\t\t\t\t<button class=\"elementor-button elementor-size-sm\" type=\"submit\">\n\t\t\t\t\t\t<span class=\"elementor-button-content-wrapper\">\n\t\t\t\t\t\t\t\t\t\t\t\t\t\t\t\t\t\t\t\t\t\t<span class=\"elementor-button-text\">Send<\/span>\n\t\t\t\t\t\t\t\t\t\t\t\t\t<\/span>\n\t\t\t\t\t<\/button>\n\t\t\t\t<\/div>\n\t\t\t<\/div>\n\t\t<\/form>\n\t\t\t\t\t\t<\/div>\n\t\t\t\t<\/div>\n\t\t\t\t\t<\/div>\n\t\t<\/div>\n\t\t\t\t\t<\/div>\n\t\t<\/section>\n\t\t\t\t<\/div>\n\t\t","protected":false},"excerpt":{"rendered":"<p>Contact Sociedad Espa\u00f1ola de Farmacolog\u00eda Departamento de Farmacolog\u00eda y Toxicolog\u00eda. Pabell\u00f3n III, 1\u00aa PlantaFacultad de Medicina. Universidad Complutense de MadridPl. de Ram\u00f3n y Cajal, s\/n28040 &#8211; Madridsocesfar@socesfar.es Secretar\u00eda administrativa \/ Administrative Assistant:Mar Morales Molinasocesfar@socesfar.es Contact Form<\/p>\n","protected":false},"author":3,"featured_media":0,"parent":0,"menu_order":7,"comment_status":"closed","ping_status":"closed","template":"","meta":{"footnotes":""},"class_list":["post-2529","page","type-page","status-publish"],"yoast_head":"<!-- This site is optimized with the Yoast SEO plugin v27.4 - https:\/\/yoast.com\/product\/yoast-seo-wordpress\/ -->\n<title>Contact - Sociedad Espa\u00f1ola de Farmacolog\u00eda<\/title>\n<meta name=\"robots\" content=\"index, follow, max-snippet:-1, max-image-preview:large, max-video-preview:-1\" \/>\n<link rel=\"canonical\" href=\"https:\/\/www.socesfar.es\/en\/contact\/\" \/>\n<meta property=\"og:locale\" content=\"en_US\" \/>\n<meta property=\"og:type\" content=\"article\" \/>\n<meta property=\"og:title\" content=\"Contact - Sociedad Espa\u00f1ola de Farmacolog\u00eda\" \/>\n<meta property=\"og:description\" content=\"Contact Sociedad Espa\u00f1ola de Farmacolog\u00eda Departamento de Farmacolog\u00eda y Toxicolog\u00eda. Pabell\u00f3n III, 1\u00aa PlantaFacultad de Medicina. Universidad Complutense de MadridPl. de Ram\u00f3n y Cajal, s\/n28040 &#8211; Madridsocesfar@socesfar.es Secretar\u00eda administrativa \/ Administrative Assistant:Mar Morales Molinasocesfar@socesfar.es Contact Form\" \/>\n<meta property=\"og:url\" content=\"https:\/\/www.socesfar.es\/en\/contact\/\" \/>\n<meta property=\"og:site_name\" content=\"Sociedad Espa\u00f1ola de Farmacolog\u00eda\" \/>\n<meta property=\"article:modified_time\" content=\"2025-01-16T08:23:20+00:00\" \/>\n<meta name=\"twitter:card\" content=\"summary_large_image\" \/>\n<meta name=\"twitter:site\" content=\"@Socesfar\" \/>\n<script type=\"application\/ld+json\" class=\"yoast-schema-graph\">{\"@context\":\"https:\\\/\\\/schema.org\",\"@graph\":[{\"@type\":\"WebPage\",\"@id\":\"https:\\\/\\\/www.socesfar.es\\\/en\\\/contact\\\/\",\"url\":\"https:\\\/\\\/www.socesfar.es\\\/en\\\/contact\\\/\",\"name\":\"Contact - Sociedad Espa\u00f1ola de Farmacolog\u00eda\",\"isPartOf\":{\"@id\":\"https:\\\/\\\/www.socesfar.es\\\/en\\\/#website\"},\"datePublished\":\"2021-10-13T13:50:40+00:00\",\"dateModified\":\"2025-01-16T08:23:20+00:00\",\"breadcrumb\":{\"@id\":\"https:\\\/\\\/www.socesfar.es\\\/en\\\/contact\\\/#breadcrumb\"},\"inLanguage\":\"en-US\",\"potentialAction\":[{\"@type\":\"ReadAction\",\"target\":[\"https:\\\/\\\/www.socesfar.es\\\/en\\\/contact\\\/\"]}]},{\"@type\":\"BreadcrumbList\",\"@id\":\"https:\\\/\\\/www.socesfar.es\\\/en\\\/contact\\\/#breadcrumb\",\"itemListElement\":[{\"@type\":\"ListItem\",\"position\":1,\"name\":\"Home\",\"item\":\"https:\\\/\\\/www.socesfar.es\\\/en\\\/\"},{\"@type\":\"ListItem\",\"position\":2,\"name\":\"Contact\"}]},{\"@type\":\"WebSite\",\"@id\":\"https:\\\/\\\/www.socesfar.es\\\/en\\\/#website\",\"url\":\"https:\\\/\\\/www.socesfar.es\\\/en\\\/\",\"name\":\"Sociedad Espa\u00f1ola de Farmacolog\u00eda\",\"description\":\"\",\"publisher\":{\"@id\":\"https:\\\/\\\/www.socesfar.es\\\/en\\\/#organization\"},\"potentialAction\":[{\"@type\":\"SearchAction\",\"target\":{\"@type\":\"EntryPoint\",\"urlTemplate\":\"https:\\\/\\\/www.socesfar.es\\\/en\\\/?s={search_term_string}\"},\"query-input\":{\"@type\":\"PropertyValueSpecification\",\"valueRequired\":true,\"valueName\":\"search_term_string\"}}],\"inLanguage\":\"en-US\"},{\"@type\":\"Organization\",\"@id\":\"https:\\\/\\\/www.socesfar.es\\\/en\\\/#organization\",\"name\":\"Sociedad Espa\u00f1ola de Farmacolog\u00eda\",\"url\":\"https:\\\/\\\/www.socesfar.es\\\/en\\\/\",\"logo\":{\"@type\":\"ImageObject\",\"inLanguage\":\"en-US\",\"@id\":\"https:\\\/\\\/www.socesfar.es\\\/en\\\/#\\\/schema\\\/logo\\\/image\\\/\",\"url\":\"https:\\\/\\\/www.socesfar.es\\\/wp-content\\\/uploads\\\/2021\\\/07\\\/logo-socesfar-02.png\",\"contentUrl\":\"https:\\\/\\\/www.socesfar.es\\\/wp-content\\\/uploads\\\/2021\\\/07\\\/logo-socesfar-02.png\",\"width\":383,\"height\":63,\"caption\":\"Sociedad Espa\u00f1ola de Farmacolog\u00eda\"},\"image\":{\"@id\":\"https:\\\/\\\/www.socesfar.es\\\/en\\\/#\\\/schema\\\/logo\\\/image\\\/\"},\"sameAs\":[\"https:\\\/\\\/x.com\\\/Socesfar\",\"https:\\\/\\\/www.linkedin.com\\\/company\\\/socesfar\\\/\"]}]}<\/script>\n<!-- \/ Yoast SEO plugin. -->","yoast_head_json":{"title":"Contact - Sociedad Espa\u00f1ola de Farmacolog\u00eda","robots":{"index":"index","follow":"follow","max-snippet":"max-snippet:-1","max-image-preview":"max-image-preview:large","max-video-preview":"max-video-preview:-1"},"canonical":"https:\/\/www.socesfar.es\/en\/contact\/","og_locale":"en_US","og_type":"article","og_title":"Contact - Sociedad Espa\u00f1ola de Farmacolog\u00eda","og_description":"Contact Sociedad Espa\u00f1ola de Farmacolog\u00eda Departamento de Farmacolog\u00eda y Toxicolog\u00eda. Pabell\u00f3n III, 1\u00aa PlantaFacultad de Medicina. Universidad Complutense de MadridPl. de Ram\u00f3n y Cajal, s\/n28040 &#8211; Madridsocesfar@socesfar.es Secretar\u00eda administrativa \/ Administrative Assistant:Mar Morales Molinasocesfar@socesfar.es Contact Form","og_url":"https:\/\/www.socesfar.es\/en\/contact\/","og_site_name":"Sociedad Espa\u00f1ola de Farmacolog\u00eda","article_modified_time":"2025-01-16T08:23:20+00:00","twitter_card":"summary_large_image","twitter_site":"@Socesfar","schema":{"@context":"https:\/\/schema.org","@graph":[{"@type":"WebPage","@id":"https:\/\/www.socesfar.es\/en\/contact\/","url":"https:\/\/www.socesfar.es\/en\/contact\/","name":"Contact - Sociedad Espa\u00f1ola de Farmacolog\u00eda","isPartOf":{"@id":"https:\/\/www.socesfar.es\/en\/#website"},"datePublished":"2021-10-13T13:50:40+00:00","dateModified":"2025-01-16T08:23:20+00:00","breadcrumb":{"@id":"https:\/\/www.socesfar.es\/en\/contact\/#breadcrumb"},"inLanguage":"en-US","potentialAction":[{"@type":"ReadAction","target":["https:\/\/www.socesfar.es\/en\/contact\/"]}]},{"@type":"BreadcrumbList","@id":"https:\/\/www.socesfar.es\/en\/contact\/#breadcrumb","itemListElement":[{"@type":"ListItem","position":1,"name":"Home","item":"https:\/\/www.socesfar.es\/en\/"},{"@type":"ListItem","position":2,"name":"Contact"}]},{"@type":"WebSite","@id":"https:\/\/www.socesfar.es\/en\/#website","url":"https:\/\/www.socesfar.es\/en\/","name":"Sociedad Espa\u00f1ola de Farmacolog\u00eda","description":"","publisher":{"@id":"https:\/\/www.socesfar.es\/en\/#organization"},"potentialAction":[{"@type":"SearchAction","target":{"@type":"EntryPoint","urlTemplate":"https:\/\/www.socesfar.es\/en\/?s={search_term_string}"},"query-input":{"@type":"PropertyValueSpecification","valueRequired":true,"valueName":"search_term_string"}}],"inLanguage":"en-US"},{"@type":"Organization","@id":"https:\/\/www.socesfar.es\/en\/#organization","name":"Sociedad Espa\u00f1ola de Farmacolog\u00eda","url":"https:\/\/www.socesfar.es\/en\/","logo":{"@type":"ImageObject","inLanguage":"en-US","@id":"https:\/\/www.socesfar.es\/en\/#\/schema\/logo\/image\/","url":"https:\/\/www.socesfar.es\/wp-content\/uploads\/2021\/07\/logo-socesfar-02.png","contentUrl":"https:\/\/www.socesfar.es\/wp-content\/uploads\/2021\/07\/logo-socesfar-02.png","width":383,"height":63,"caption":"Sociedad Espa\u00f1ola de Farmacolog\u00eda"},"image":{"@id":"https:\/\/www.socesfar.es\/en\/#\/schema\/logo\/image\/"},"sameAs":["https:\/\/x.com\/Socesfar","https:\/\/www.linkedin.com\/company\/socesfar\/"]}]}},"_links":{"self":[{"href":"https:\/\/www.socesfar.es\/en\/wp-json\/wp\/v2\/pages\/2529","targetHints":{"allow":["GET"]}}],"collection":[{"href":"https:\/\/www.socesfar.es\/en\/wp-json\/wp\/v2\/pages"}],"about":[{"href":"https:\/\/www.socesfar.es\/en\/wp-json\/wp\/v2\/types\/page"}],"author":[{"embeddable":true,"href":"https:\/\/www.socesfar.es\/en\/wp-json\/wp\/v2\/users\/3"}],"replies":[{"embeddable":true,"href":"https:\/\/www.socesfar.es\/en\/wp-json\/wp\/v2\/comments?post=2529"}],"version-history":[{"count":7,"href":"https:\/\/www.socesfar.es\/en\/wp-json\/wp\/v2\/pages\/2529\/revisions"}],"predecessor-version":[{"id":6740,"href":"https:\/\/www.socesfar.es\/en\/wp-json\/wp\/v2\/pages\/2529\/revisions\/6740"}],"wp:attachment":[{"href":"https:\/\/www.socesfar.es\/en\/wp-json\/wp\/v2\/media?parent=2529"}],"curies":[{"name":"wp","href":"https:\/\/api.w.org\/{rel}","templated":true}]}}